{"id":256,"date":"2025-03-31T09:49:10","date_gmt":"2025-03-31T09:49:10","guid":{"rendered":"https:\/\/paisatgeterritori.es\/?page_id=256"},"modified":"2025-04-14T06:36:51","modified_gmt":"2025-04-14T06:36:51","slug":"contacte","status":"publish","type":"page","link":"https:\/\/paisatgeterritori.es\/es\/contacte\/","title":{"rendered":"Contacto"},"content":{"rendered":"<div class=\"et_d4_element et_pb_section et_pb_section_0 et_pb_with_background  et_pb_css_mix_blend_mode et_section_regular et_block_section\" >\n\t\t\t\t\n\t\t\t\t\n\t\t\t\t\n\t\t\t\t\n\t\t\t\t\n\t\t\t\t\n\t\t\t\t<div class=\"et_d4_element et_pb_row et_pb_row_0  et_pb_css_mix_blend_mode et_block_row\">\n\t\t\t\t<div class=\"et_d4_element et_pb_column_4_4 et_pb_column et_pb_column_0  et_pb_css_mix_blend_mode et-last-child et_block_column\">\n\t\t\t\t\n\t\t\t\t\n\t\t\t\t\n\t\t\t\t\n\t\t\t\t<div class=\"et_pb_module et_d4_element et_pb_text et_pb_text_0  et_pb_text_align_left et_pb_bg_layout_light\">\n\t\t\t\t\n\t\t\t\t\n\t\t\t\t\n\t\t\t\t\n\t\t\t\t<div class=\"et_pb_text_inner\"><h1>Contacto<\/h1><\/div>\n\t\t\t<\/div>\n\t\t\t<\/div>\n\t\t\t\t\n\t\t\t\t\n\t\t\t\t\n\t\t\t\t\n\t\t\t<\/div>\n\t\t\t\t\n\t\t\t\t\n\t\t\t<\/div><div class=\"et_d4_element et_pb_section et_pb_section_1 et_pb_with_background  et_pb_css_mix_blend_mode et_section_regular et_block_section\" >\n\t\t\t\t\n\t\t\t\t\n\t\t\t\t\n\t\t\t\t\n\t\t\t\t\n\t\t\t\t\n\t\t\t\t<div class=\"et_pb_with_border et_d4_element et_pb_row et_pb_row_1  et_pb_css_mix_blend_mode et_block_row\">\n\t\t\t\t<div class=\"et_d4_element et_pb_column_4_4 et_pb_column et_pb_column_1  et_pb_css_mix_blend_mode et-last-child et_block_column\">\n\t\t\t\t\n\t\t\t\t\n\t\t\t\t\n\t\t\t\t\n\t\t\t\t\n\t\t\t<div id=\"et_pb_contact_form_0\" class=\"et_pb_module et_d4_element et_pb_contact_form_0 et_pb_contact_form_container clearfix et_block_module\" data-form_unique_num=\"0\" data-form_unique_id=\"2f731845-c9e5-4c86-9490-8ab7393d75db\">\n\t\t\t\t\n\t\t\t\t\n\t\t\t\t\n\t\t\t\t\n\t\t\t\t<h1 class=\"et_pb_contact_main_title\">Formulario de Contacto<\/h1>\n\t\t\t\t<div class=\"et-pb-contact-message\"><\/div>\n\t\t\t\t\n\t\t\t\t<div class=\"et_pb_contact\">\n\t\t\t\t\t<form class=\"et_pb_contact_form clearfix\" method=\"post\" action=\"https:\/\/paisatgeterritori.es\/es\/wp-json\/wp\/v2\/pages\/256\" data-trp-original-action=\"https:\/\/paisatgeterritori.es\/es\/wp-json\/wp\/v2\/pages\/256\">\n\t\t\t\t\t\t<p class=\"et_d4_element et_pb_contact_field et_pb_contact_field_0 et_pb_contact_field_half\" data-id=\"nom\" data-type=\"input\">\n\t\t\t\t\n\t\t\t\t\n\t\t\t\t\n\t\t\t\t\n\t\t\t\t<label for=\"et_pb_contact_nom_0\" class=\"et_pb_contact_form_label\">Nombre<\/label>\n\t\t\t\t<input type=\"text\" id=\"et_pb_contact_nom_0\" class=\"input\" value=\"\" name=\"et_pb_contact_nom_0\" data-required_mark=\"required\" data-field_type=\"input\" data-original_id=\"nom\" placeholder=\"Nombre\">\n\t\t\t<\/p><p class=\"et_d4_element et_pb_contact_field et_pb_contact_field_1 et_pb_contact_field_half et_pb_contact_field_last\" data-id=\"cognoms\" data-type=\"input\">\n\t\t\t\t\n\t\t\t\t\n\t\t\t\t\n\t\t\t\t\n\t\t\t\t<label for=\"et_pb_contact_cognoms_0\" class=\"et_pb_contact_form_label\">Cognoms<\/label>\n\t\t\t\t<input type=\"text\" id=\"et_pb_contact_cognoms_0\" class=\"input\" value=\"\" name=\"et_pb_contact_cognoms_0\" data-required_mark=\"required\" data-field_type=\"input\" data-original_id=\"cognoms\" placeholder=\"Cognoms\" pattern=\"[A-Za-z\\s\\-]*\" title=\"Solo se permiten letras.\">\n\t\t\t<\/p><p class=\"et_d4_element et_pb_contact_field et_pb_contact_field_2 et_pb_contact_field_last\" data-id=\"email\" data-type=\"email\">\n\t\t\t\t\n\t\t\t\t\n\t\t\t\t\n\t\t\t\t\n\t\t\t\t<label for=\"et_pb_contact_email_0\" class=\"et_pb_contact_form_label\">Correo electr\u00f3nico<\/label>\n\t\t\t\t<input type=\"text\" id=\"et_pb_contact_email_0\" class=\"input\" value=\"\" name=\"et_pb_contact_email_0\" data-required_mark=\"required\" data-field_type=\"email\" data-original_id=\"email\" placeholder=\"Correo electr\u00f3nico\">\n\t\t\t<\/p><p class=\"et_d4_element et_pb_contact_field et_pb_contact_field_3 et_pb_contact_field_last\" data-id=\"telefon\" data-type=\"input\">\n\t\t\t\t\n\t\t\t\t\n\t\t\t\t\n\t\t\t\t\n\t\t\t\t<label for=\"et_pb_contact_telefon_0\" class=\"et_pb_contact_form_label\">Tel\u00e9fono<\/label>\n\t\t\t\t<input type=\"text\" id=\"et_pb_contact_telefon_0\" class=\"input\" value=\"\" name=\"et_pb_contact_telefon_0\" data-required_mark=\"required\" data-field_type=\"input\" data-original_id=\"telefon\" placeholder=\"Tel\u00e9fono\">\n\t\t\t<\/p><p class=\"et_d4_element et_pb_contact_field et_pb_contact_field_4 et_pb_contact_field_last\" data-id=\"missatge\" data-type=\"text\">\n\t\t\t\t\n\t\t\t\t\n\t\t\t\t\n\t\t\t\t\n\t\t\t\t<label for=\"et_pb_contact_missatge_0\" class=\"et_pb_contact_form_label\">Mensaje<\/label>\n\t\t\t\t<textarea name=\"et_pb_contact_missatge_0\" id=\"et_pb_contact_missatge_0\" class=\"et_pb_contact_message input\" data-required_mark=\"required\" data-field_type=\"text\" data-original_id=\"missatge\" placeholder=\"Mensaje\"><\/textarea>\n\t\t\t<\/p>\n\t\t\t\t\t\t<input type=\"hidden\" value=\"et_contact_proccess\" name=\"et_pb_contactform_submit_0\"\/>\n\t\t\t\t\t\t<div class=\"et_contact_bottom_container\">\n\t\t\t\t\t\t\t\n\t\t\t<div class=\"et_pb_contact_right et_pb_contact_field\">\n\t\t\t\t<p class=\"clearfix\">\n\t\t\t\t\t<span class=\"et_pb_contact_captcha_question\">13 + 1<\/span> = <input type=\"text\" size=\"2\" class=\"input et_pb_contact_captcha\" data-first_digit=\"13\" data-second_digit=\"1\" value=\"\" name=\"et_pb_contact_captcha_0\" data-required_mark=\"required\" autocomplete=\"off\">\n\t\t\t\t<\/p>\n\t\t\t<\/div>\n\t\t\t\t\t\t\t<button type=\"submit\" name=\"et_builder_submit_button\" class=\"et_pb_contact_submit et_pb_button\">Enviar<\/button>\n\t\t\t\t\t\t<\/div>\n\t\t\t\t\t\t<input type=\"hidden\" id=\"_wpnonce-et-pb-contact-form-submitted-0\" name=\"_wpnonce-et-pb-contact-form-submitted-0\" value=\"d8ffd00c51\" \/><input type=\"hidden\" name=\"_wp_http_referer\" value=\"\/es\/wp-json\/wp\/v2\/pages\/256\" \/>\n\t\t\t\t\t<input type=\"hidden\" name=\"trp-form-language\" value=\"es\"\/><\/form>\n\t\t\t\t<\/div>\n\t\t\t<\/div>\n\t\t\t<div class=\"et_pb_module et_d4_element et_pb_text et_pb_text_1  et_pb_text_align_left et_pb_bg_layout_light\">\n\t\t\t\t\n\t\t\t\t\n\t\t\t\t\n\t\t\t\t\n\t\t\t\t<div class=\"et_pb_text_inner\"><p style=\"text-align: center;\"><span>Si necesitas asesoramiento, informaci\u00f3n o tienes cualquier consulta, no dudes en <a href=\"mailto:xxserrano@agrifor.org\"><strong><span style=\"color: #003300;\">ponerte en contacto<\/span><\/strong><\/a> conmigo. <\/span><\/p>\n<p style=\"text-align: center;\"><span>Estar\u00e9 encantat d'ajudar-te amb qualsevol projecte o dubte relacionat amb l'enginyeria agr\u00edcola.<\/span><\/p>\n<p style=\"text-align: center;\"><span><\/span><\/p>\n<p style=\"text-align: center;\"><span style=\"color: #003300;\"><a href=\"mailto:xxserrano@agrifor.org\" style=\"color: #003300;\">\ud83d\udce7 xxserrano@agrifor.org<\/a><\/span><\/p><\/div>\n\t\t\t<\/div>\n\t\t\t<\/div>\n\t\t\t\t\n\t\t\t\t\n\t\t\t\t\n\t\t\t\t\n\t\t\t<\/div><div class=\"et_d4_element et_pb_row et_pb_row_2  et_pb_css_mix_blend_mode et_block_row\">\n\t\t\t\t<div class=\"et_d4_element et_pb_column_1_2 et_pb_column et_pb_column_2  et_pb_css_mix_blend_mode et_block_column\">\n\t\t\t\t\n\t\t\t\t\n\t\t\t\t\n\t\t\t\t\n\t\t\t\t<div class=\"et_pb_module et_d4_element et_pb_text et_pb_text_2 et_animated  et_pb_text_align_left et_pb_bg_layout_light\">\n\t\t\t\t\n\t\t\t\t\n\t\t\t\t\n\t\t\t\t\n\t\t\t\t<div class=\"et_pb_text_inner\"><h2>Cada projecte representa una oportunitat per enriquir l'entorn i assegurar-ne la sostenibilitat.<\/h2><\/div>\n\t\t\t<\/div>\n\t\t\t<\/div><div class=\"et_d4_element et_pb_column_1_2 et_pb_column et_pb_column_3  et_pb_css_mix_blend_mode et-last-child et_block_column\">\n\t\t\t\t\n\t\t\t\t\n\t\t\t\t\n\t\t\t\t\n\t\t\t\t<div class=\"et_pb_module et_d4_element et_pb_text et_pb_text_3 et_animated  et_pb_text_align_center et_pb_bg_layout_light\">\n\t\t\t\t\n\t\t\t\t\n\t\t\t\t\n\t\t\t\t\n\t\t\t\t<div class=\"et_pb_text_inner\"><p style=\"text-align: left;\">Ofereixo solucions personalitzades per a projectes de paisatgisme, medi ambient i gesti\u00f3 del territori. Comptant amb una \u00e0mplia experi\u00e8ncia en treballs amb ajuntaments, empreses de consultoria i entitats locals, gestiono projectes que van des de la creaci\u00f3 d'espais verds fins a la planificaci\u00f3 territorial. El meu enfocament \u00e9s sempre pr\u00e0ctic i sostenible, orientat a millorar la qualitat de vida i protegir el nostre entorn natural.<\/p>\n<p style=\"text-align: left;\"><span style=\"text-decoration: underline;\"><span style=\"color: #003300; text-decoration: underline;\"><a href=\"https:\/\/paisatgeterritori.es\/es\/projectes\/\" style=\"color: #003300; text-decoration: underline;\">Estudios y Proyectos<\/a><\/span><\/span>\u00a0&gt;<span><\/span><\/p>\n<p style=\"text-align: left;\"><span><\/span><\/p><\/div>\n\t\t\t<\/div>\n\t\t\t<\/div>\n\t\t\t\t\n\t\t\t\t\n\t\t\t\t\n\t\t\t\t\n\t\t\t<\/div><div class=\"et_d4_element et_pb_row et_pb_row_3  et_pb_css_mix_blend_mode et_block_row\">\n\t\t\t\t<div class=\"et_d4_element et_pb_column_4_4 et_pb_column et_pb_column_4  et_pb_css_mix_blend_mode et-last-child et_block_column\">\n\t\t\t\t\n\t\t\t\t\n\t\t\t\t\n\t\t\t\t\n\t\t\t\t<div class=\"et_pb_module et_d4_element et_pb_text et_pb_text_4  et_pb_text_align_left et_pb_bg_layout_light\">\n\t\t\t\t\n\t\t\t\t\n\t\t\t\t\n\t\t\t\t\n\t\t\t\t<div class=\"et_pb_text_inner\"><p style=\"text-align: center;\"><span style=\"color: #003300;\"><a href=\"https:\/\/paisatgeterritori.es\/es\/projectes\/#estudisiprojectes\" style=\"color: #003300;\">Todos los Estudios y Proyectos &gt;<\/a><\/span><\/p><\/div>\n\t\t\t<\/div>\n\t\t\t<\/div>\n\t\t\t\t\n\t\t\t\t\n\t\t\t\t\n\t\t\t\t\n\t\t\t<\/div>\n\t\t\t\t\n\t\t\t\t\n\t\t\t<\/div>","protected":false},"excerpt":{"rendered":"","protected":false},"author":1,"featured_media":0,"parent":0,"menu_order":0,"comment_status":"closed","ping_status":"closed","template":"","meta":{"_et_pb_use_builder":"on","_et_pb_old_content":"","_et_gb_content_width":"","footnotes":""},"class_list":["post-256","page","type-page","status-publish","hentry"],"yoast_head":"<!-- This site is optimized with the Yoast SEO plugin v27.3 - https:\/\/yoast.com\/product\/yoast-seo-wordpress\/ -->\n<title>Contacte - Paisatge i Territori<\/title>\n<meta name=\"description\" content=\"Posa&#039;t en contacte si necessites assessorament, informaci\u00f3 o tens qualsevol consulta. Estar\u00e9 encantat d\u2019ajudar-te amb qualsevol projecte.\" \/>\n<meta name=\"robots\" content=\"index, follow, max-snippet:-1, max-image-preview:large, max-video-preview:-1\" \/>\n<link rel=\"canonical\" href=\"https:\/\/paisatgeterritori.es\/es\/contacte\/\" \/>\n<meta property=\"og:locale\" content=\"es_ES\" \/>\n<meta property=\"og:type\" content=\"article\" \/>\n<meta property=\"og:title\" content=\"Contacte - Paisatge i Territori\" \/>\n<meta property=\"og:description\" content=\"Posa&#039;t en contacte si necessites assessorament, informaci\u00f3 o tens qualsevol consulta. Estar\u00e9 encantat d\u2019ajudar-te amb qualsevol projecte.\" \/>\n<meta property=\"og:url\" content=\"https:\/\/paisatgeterritori.es\/es\/contacte\/\" \/>\n<meta property=\"og:site_name\" content=\"Paisatge i Territori\" \/>\n<meta property=\"article:modified_time\" content=\"2025-04-14T06:36:51+00:00\" \/>\n<meta property=\"og:image\" content=\"https:\/\/paisatgeterritori.es\/wp-content\/uploads\/2025\/04\/cropped-Diseno-sin-titulo-48.png\" \/>\n\t<meta property=\"og:image:width\" content=\"512\" \/>\n\t<meta property=\"og:image:height\" content=\"512\" \/>\n\t<meta property=\"og:image:type\" content=\"image\/png\" \/>\n<meta name=\"twitter:card\" content=\"summary_large_image\" \/>\n<meta name=\"twitter:label1\" content=\"Tiempo de lectura\" \/>\n\t<meta name=\"twitter:data1\" content=\"2 minutos\" \/>\n<script type=\"application\/ld+json\" class=\"yoast-schema-graph\">{\"@context\":\"https:\\\/\\\/schema.org\",\"@graph\":[{\"@type\":\"WebPage\",\"@id\":\"https:\\\/\\\/paisatgeterritori.es\\\/contacte\\\/\",\"url\":\"https:\\\/\\\/paisatgeterritori.es\\\/contacte\\\/\",\"name\":\"Contacte - Paisatge i Territori\",\"isPartOf\":{\"@id\":\"https:\\\/\\\/paisatgeterritori.es\\\/#website\"},\"datePublished\":\"2025-03-31T09:49:10+00:00\",\"dateModified\":\"2025-04-14T06:36:51+00:00\",\"description\":\"Posa't en contacte si necessites assessorament, informaci\u00f3 o tens qualsevol consulta. Estar\u00e9 encantat d\u2019ajudar-te amb qualsevol projecte.\",\"breadcrumb\":{\"@id\":\"https:\\\/\\\/paisatgeterritori.es\\\/contacte\\\/#breadcrumb\"},\"inLanguage\":\"es\",\"potentialAction\":[{\"@type\":\"ReadAction\",\"target\":[\"https:\\\/\\\/paisatgeterritori.es\\\/contacte\\\/\"]}]},{\"@type\":\"BreadcrumbList\",\"@id\":\"https:\\\/\\\/paisatgeterritori.es\\\/contacte\\\/#breadcrumb\",\"itemListElement\":[{\"@type\":\"ListItem\",\"position\":1,\"name\":\"Portada\",\"item\":\"https:\\\/\\\/paisatgeterritori.es\\\/\"},{\"@type\":\"ListItem\",\"position\":2,\"name\":\"Contacte\"}]},{\"@type\":\"WebSite\",\"@id\":\"https:\\\/\\\/paisatgeterritori.es\\\/#website\",\"url\":\"https:\\\/\\\/paisatgeterritori.es\\\/\",\"name\":\"Paisatge i Territori\",\"description\":\"Assessorament, gesti\u00f3 i execuci\u00f3 de projectes en l\u2019\u00e0mbit del medi ambient, urbanisme i paisatgisme.\",\"publisher\":{\"@id\":\"https:\\\/\\\/paisatgeterritori.es\\\/#\\\/schema\\\/person\\\/97710a1b2b2481e2895bcbc2e272a1e6\"},\"alternateName\":\"Paisatge i Territori\",\"potentialAction\":[{\"@type\":\"SearchAction\",\"target\":{\"@type\":\"EntryPoint\",\"urlTemplate\":\"https:\\\/\\\/paisatgeterritori.es\\\/?s={search_term_string}\"},\"query-input\":{\"@type\":\"PropertyValueSpecification\",\"valueRequired\":true,\"valueName\":\"search_term_string\"}}],\"inLanguage\":\"es\"},{\"@type\":[\"Person\",\"Organization\"],\"@id\":\"https:\\\/\\\/paisatgeterritori.es\\\/#\\\/schema\\\/person\\\/97710a1b2b2481e2895bcbc2e272a1e6\",\"name\":\"Xavier Serrano\",\"image\":{\"@type\":\"ImageObject\",\"inLanguage\":\"es\",\"@id\":\"https:\\\/\\\/secure.gravatar.com\\\/avatar\\\/2f26f4617dc7a0afd27a18039ca12fd8fd235334b6eccd764855a75be1242677?s=96&d=mm&r=g\",\"url\":\"https:\\\/\\\/secure.gravatar.com\\\/avatar\\\/2f26f4617dc7a0afd27a18039ca12fd8fd235334b6eccd764855a75be1242677?s=96&d=mm&r=g\",\"contentUrl\":\"https:\\\/\\\/secure.gravatar.com\\\/avatar\\\/2f26f4617dc7a0afd27a18039ca12fd8fd235334b6eccd764855a75be1242677?s=96&d=mm&r=g\",\"caption\":\"Xavier Serrano\"},\"logo\":{\"@id\":\"https:\\\/\\\/secure.gravatar.com\\\/avatar\\\/2f26f4617dc7a0afd27a18039ca12fd8fd235334b6eccd764855a75be1242677?s=96&d=mm&r=g\"}}]}<\/script>\n<!-- \/ Yoast SEO plugin. -->","yoast_head_json":{"title":"Contacte - Paisatge i Territori","description":"Posa't en contacte si necessites assessorament, informaci\u00f3 o tens qualsevol consulta. Estar\u00e9 encantat d\u2019ajudar-te amb qualsevol projecte.","robots":{"index":"index","follow":"follow","max-snippet":"max-snippet:-1","max-image-preview":"max-image-preview:large","max-video-preview":"max-video-preview:-1"},"canonical":"https:\/\/paisatgeterritori.es\/es\/contacte\/","og_locale":"es_ES","og_type":"article","og_title":"Contacte - Paisatge i Territori","og_description":"Posa't en contacte si necessites assessorament, informaci\u00f3 o tens qualsevol consulta. Estar\u00e9 encantat d\u2019ajudar-te amb qualsevol projecte.","og_url":"https:\/\/paisatgeterritori.es\/es\/contacte\/","og_site_name":"Paisatge i Territori","article_modified_time":"2025-04-14T06:36:51+00:00","og_image":[{"width":512,"height":512,"url":"https:\/\/paisatgeterritori.es\/wp-content\/uploads\/2025\/04\/cropped-Diseno-sin-titulo-48.png","type":"image\/png"}],"twitter_card":"summary_large_image","twitter_misc":{"Tiempo de lectura":"2 minutos"},"schema":{"@context":"https:\/\/schema.org","@graph":[{"@type":"WebPage","@id":"https:\/\/paisatgeterritori.es\/contacte\/","url":"https:\/\/paisatgeterritori.es\/contacte\/","name":"Contacte - Paisatge i Territori","isPartOf":{"@id":"https:\/\/paisatgeterritori.es\/#website"},"datePublished":"2025-03-31T09:49:10+00:00","dateModified":"2025-04-14T06:36:51+00:00","description":"Posa't en contacte si necessites assessorament, informaci\u00f3 o tens qualsevol consulta. Estar\u00e9 encantat d\u2019ajudar-te amb qualsevol projecte.","breadcrumb":{"@id":"https:\/\/paisatgeterritori.es\/contacte\/#breadcrumb"},"inLanguage":"es","potentialAction":[{"@type":"ReadAction","target":["https:\/\/paisatgeterritori.es\/contacte\/"]}]},{"@type":"BreadcrumbList","@id":"https:\/\/paisatgeterritori.es\/contacte\/#breadcrumb","itemListElement":[{"@type":"ListItem","position":1,"name":"Portada","item":"https:\/\/paisatgeterritori.es\/"},{"@type":"ListItem","position":2,"name":"Contacte"}]},{"@type":"WebSite","@id":"https:\/\/paisatgeterritori.es\/#website","url":"https:\/\/paisatgeterritori.es\/","name":"Paisatge i Territori","description":"Assessorament, gesti\u00f3 i execuci\u00f3 de projectes en l\u2019\u00e0mbit del medi ambient, urbanisme i paisatgisme.","publisher":{"@id":"https:\/\/paisatgeterritori.es\/#\/schema\/person\/97710a1b2b2481e2895bcbc2e272a1e6"},"alternateName":"Paisatge i Territori","potentialAction":[{"@type":"SearchAction","target":{"@type":"EntryPoint","urlTemplate":"https:\/\/paisatgeterritori.es\/?s={search_term_string}"},"query-input":{"@type":"PropertyValueSpecification","valueRequired":true,"valueName":"search_term_string"}}],"inLanguage":"es"},{"@type":["Person","Organization"],"@id":"https:\/\/paisatgeterritori.es\/#\/schema\/person\/97710a1b2b2481e2895bcbc2e272a1e6","name":"Xavier Serrano","image":{"@type":"ImageObject","inLanguage":"es","@id":"https:\/\/secure.gravatar.com\/avatar\/2f26f4617dc7a0afd27a18039ca12fd8fd235334b6eccd764855a75be1242677?s=96&d=mm&r=g","url":"https:\/\/secure.gravatar.com\/avatar\/2f26f4617dc7a0afd27a18039ca12fd8fd235334b6eccd764855a75be1242677?s=96&d=mm&r=g","contentUrl":"https:\/\/secure.gravatar.com\/avatar\/2f26f4617dc7a0afd27a18039ca12fd8fd235334b6eccd764855a75be1242677?s=96&d=mm&r=g","caption":"Xavier Serrano"},"logo":{"@id":"https:\/\/secure.gravatar.com\/avatar\/2f26f4617dc7a0afd27a18039ca12fd8fd235334b6eccd764855a75be1242677?s=96&d=mm&r=g"}}]}},"_links":{"self":[{"href":"https:\/\/paisatgeterritori.es\/es\/wp-json\/wp\/v2\/pages\/256","targetHints":{"allow":["GET"]}}],"collection":[{"href":"https:\/\/paisatgeterritori.es\/es\/wp-json\/wp\/v2\/pages"}],"about":[{"href":"https:\/\/paisatgeterritori.es\/es\/wp-json\/wp\/v2\/types\/page"}],"author":[{"embeddable":true,"href":"https:\/\/paisatgeterritori.es\/es\/wp-json\/wp\/v2\/users\/1"}],"replies":[{"embeddable":true,"href":"https:\/\/paisatgeterritori.es\/es\/wp-json\/wp\/v2\/comments?post=256"}],"version-history":[{"count":0,"href":"https:\/\/paisatgeterritori.es\/es\/wp-json\/wp\/v2\/pages\/256\/revisions"}],"wp:attachment":[{"href":"https:\/\/paisatgeterritori.es\/es\/wp-json\/wp\/v2\/media?parent=256"}],"curies":[{"name":"wp","href":"https:\/\/api.w.org\/{rel}","templated":true}]}}